{"id":2,"date":"2016-09-05T15:49:11","date_gmt":"2016-09-05T13:49:11","guid":{"rendered":"http:\/\/www.moldaschl.cc\/max\/wordpress\/?page_id=2"},"modified":"2023-05-16T20:21:13","modified_gmt":"2023-05-16T19:21:13","slug":"ueber-max","status":"publish","type":"page","link":"http:\/\/www.moldaschl.cc\/max\/wordpress\/ueber-max\/","title":{"rendered":"\u00dcber Max"},"content":{"rendered":"<p><img loading=\"lazy\" decoding=\"async\" class=\"alignnone size-large wp-image-304\" src=\"http:\/\/www.moldaschl.cc\/max\/wordpress\/wp-content\/uploads\/2023\/05\/DSC_0039_low-1024x678.jpg\" alt=\"\" width=\"1024\" height=\"678\" srcset=\"http:\/\/www.moldaschl.cc\/max\/wordpress\/wp-content\/uploads\/2023\/05\/DSC_0039_low-1024x678.jpg 1024w, http:\/\/www.moldaschl.cc\/max\/wordpress\/wp-content\/uploads\/2023\/05\/DSC_0039_low-300x199.jpg 300w, http:\/\/www.moldaschl.cc\/max\/wordpress\/wp-content\/uploads\/2023\/05\/DSC_0039_low-768x508.jpg 768w, http:\/\/www.moldaschl.cc\/max\/wordpress\/wp-content\/uploads\/2023\/05\/DSC_0039_low.jpg 1183w\" sizes=\"(max-width: 1024px) 100vw, 1024px\" \/><\/p>\n<p><strong>Allgemein<\/strong><\/p>\n<hr \/>\n<p>Jahrgang: 2000<\/p>\n<p>Beruf: Angestellter<\/p>\n<p>Beim Gewichthebe-Sport aktiv seit: 2013<\/p>\n<p>Verein: <a href=\"http:\/\/www.kraftsport-tulln.at\/athleten\/maximilian-moldaschl\/\" target=\"_blank\" rel=\"noopener noreferrer\">HSV Langenlebarn<\/a>\u00a0<a href=\"http:\/\/www.kraftsport-tulln.at\/athleten\/maximilian-moldaschl\/\" target=\"_blank\" rel=\"noopener noreferrer\"><img loading=\"lazy\" decoding=\"async\" class=\"alignnone size-full wp-image-72\" src=\"http:\/\/www.moldaschl.cc\/max\/wordpress\/wp-content\/uploads\/2016\/09\/HSV_Langenlebarn_Kraftsport.png\" alt=\"hsv_langenlebarn_kraftsport\" width=\"120\" height=\"120\" \/><\/a><\/p>\n<p><strong>Erfolge<\/strong><\/p>\n<hr \/>\n<p>Bundesliga-Meister 2017<br \/>\n\u00d6 Meister Sch\u00fcler 2013<br \/>\n\u00d6 Meister Jugend 2015-2017<br \/>\n\u00d6 Meister Junioren 2018<br \/>\nN\u00d6 Meister 2013 (U13), 2015 (U15), 2016 (U17), 2017 (Rei\u00dfen Allg.Kl.) und 2019 (Allgemeine Klasse: Rei\u00dfen, Sto\u00dfen und Zweikampf)<\/p>\n<p>N\u00d6 Meister 2021 U23 u. Allgemeine Klasse<\/p>\n<p>\u00d6M Meister 2019 U23<\/p>\n<p>\u00d6M Meister 2020 U23, Allgemeine Klasse 3<br \/>\nGesamtsieger N\u00d6 Nachwuchs-Cup 2013 (U-13)<br \/>\nGold Int. Juniors Battle 2015, 2017<br \/>\nGold Int. Stapfer-Turnier 2014<\/p>\n<p><strong>Bestleistungen<\/strong><\/p>\n<hr \/>\n<p>122 kg Rei\u00dfen \/ 148 kg Sto\u00dfen \/ 268 kg Zweikampf \/ 310,36 SP<\/p>\n<p><strong>Leistungen 2022<\/strong><\/p>\n<hr \/>\n<table border=\"0\" cellspacing=\"0\" cellpadding=\"3\" align=\"\">\n<tbody>\n<tr style=\"background-color: #005a8c; color: #fff;\">\n<td><strong>Datum<\/strong><\/td>\n<td width=\"300\"><strong>Wettkampf<\/strong><\/td>\n<td><strong>KG<\/strong><\/td>\n<td><strong>R<\/strong><\/td>\n<td><strong>S<\/strong><\/td>\n<td><strong>ZK<\/strong><\/td>\n<td><strong>SCP<\/strong><\/td>\n<td><strong>Ergebnis<\/strong><\/td>\n<\/tr>\n<tr>\n<td valign=\"top\">26.11.2022<\/td>\n<td>N\u00d6 LEM<\/td>\n<td>93,5<\/td>\n<td>114<\/td>\n<td>138<\/td>\n<td>252<\/td>\n<td>286,85<\/td>\n<td>1. Platz<\/td>\n<\/tr>\n<tr>\n<td valign=\"top\">21.05.2022<\/td>\n<td>MM R3 Nationalliga SC Harland<\/td>\n<td>91,7<\/td>\n<td>116<\/td>\n<td>139<\/td>\n<td>255<\/td>\n<td>292,61<\/td>\n<td>3 : 0<\/td>\n<\/tr>\n<tr>\n<td valign=\"top\">08.04.2022<\/td>\n<td>MM R2 Regionalliga WKG Buchkirchen\/Wels<\/td>\n<td>94,1<\/td>\n<td>115<\/td>\n<td>140<\/td>\n<td>255<\/td>\n<td>289,50<\/td>\n<td>3 : 0<\/td>\n<\/tr>\n<tr>\n<td valign=\"top\">12.03.2022<\/td>\n<td>MM R1 Regionalliga WKG Kraftwerk Salzburg<\/td>\n<td>93,6<\/td>\n<td>114<\/td>\n<td>141<\/td>\n<td>255<\/td>\n<td>290,14<\/td>\n<td>5 : 0<\/td>\n<\/tr>\n<\/tbody>\n<\/table>\n<p><strong>Leistungen 2021<\/strong><\/p>\n<hr \/>\n<table border=\"0\" cellspacing=\"0\" cellpadding=\"3\" align=\"\">\n<tbody>\n<tr style=\"background-color: #005a8c; color: #fff;\">\n<td><strong>Datum<\/strong><\/td>\n<td width=\"300\"><strong>Wettkampf<\/strong><\/td>\n<td><strong>KG<\/strong><\/td>\n<td><strong>R<\/strong><\/td>\n<td><strong>S<\/strong><\/td>\n<td><strong>ZK<\/strong><\/td>\n<td><strong>SCP<\/strong><\/td>\n<td><strong>Ergebnis<\/strong><\/td>\n<\/tr>\n<tr>\n<td valign=\"top\">20.11.2021<\/td>\n<td>N\u00d6 LEM<\/td>\n<td>92,5<\/td>\n<td>112<\/td>\n<td>133<\/td>\n<td>245<\/td>\n<td>280,11<\/td>\n<td>1. Platz<\/td>\n<\/tr>\n<tr>\n<td valign=\"top\">18.09.2021<\/td>\n<td>MM R5 Bundesliga V\u00f6sendorf<\/td>\n<td>90,8<\/td>\n<td>112<\/td>\n<td>138<\/td>\n<td>250<\/td>\n<td>288,10<\/td>\n<td>0 : 6<\/td>\n<\/tr>\n<tr>\n<td valign=\"top\">21.08.2021<\/td>\n<td>\u00d6STEM<\/td>\n<td>88,94<\/td>\n<td>110<\/td>\n<td>128<\/td>\n<td>238<\/td>\n<td>276,82<\/td>\n<td>1.J\/3.A.<\/td>\n<\/tr>\n<tr>\n<td valign=\"top\">22.05.2021<\/td>\n<td>MM R3 Bundesliga Linz<\/td>\n<td>88,7<\/td>\n<td>111<\/td>\n<td>130<\/td>\n<td>241<\/td>\n<td>280,60<\/td>\n<td>0 : 4<\/td>\n<\/tr>\n<tr>\n<td valign=\"top\">24.04.2021<\/td>\n<td>MM R1 Bundesliga Bruck<\/td>\n<td>88,2<\/td>\n<td>110<\/td>\n<td>130<\/td>\n<td>240<\/td>\n<td>280,13<\/td>\n<td>0 : 1<\/td>\n<\/tr>\n<\/tbody>\n<\/table>\n<p><strong>Leistungen 2020<\/strong><\/p>\n<hr \/>\n<table border=\"0\" cellspacing=\"0\" cellpadding=\"3\" align=\"\">\n<tbody>\n<tr style=\"background-color: #005a8c; color: #fff;\">\n<td><strong>Datum<\/strong><\/td>\n<td width=\"300\"><strong>Wettkampf<\/strong><\/td>\n<td><strong>KG<\/strong><\/td>\n<td><strong>R<\/strong><\/td>\n<td><strong>S<\/strong><\/td>\n<td><strong>ZK<\/strong><\/td>\n<td><strong>SCP<\/strong><\/td>\n<td><strong>Ergebnis<\/strong><\/td>\n<\/tr>\n<tr>\n<td valign=\"top\">12.09.2020<\/td>\n<td>MM R2 Bundesliga Bruck<\/td>\n<td>92,4<\/td>\n<td>110<\/td>\n<td>148<\/td>\n<td>258<\/td>\n<td>295,13<\/td>\n<td>3 : 0<\/td>\n<\/tr>\n<tr>\n<td valign=\"top\">10.10.2020<\/td>\n<td>MM R3 Bundesliga V\u00f6sendorf<\/td>\n<td>92,7<\/td>\n<td>122<\/td>\n<td>146<\/td>\n<td>268<\/td>\n<td>306,14<\/td>\n<td>0 : 3<\/td>\n<\/tr>\n<\/tbody>\n<\/table>\n<p><strong>Leistungen 2019<\/strong><\/p>\n<hr \/>\n<table border=\"0\" cellspacing=\"0\" cellpadding=\"3\" align=\"\">\n<tbody>\n<tr style=\"background-color: #005a8c; color: #fff;\">\n<td style=\"height: 28.1px;\"><strong>Datum<\/strong><\/td>\n<td style=\"height: 28.1px;\" width=\"300\"><strong>Wettkampf<\/strong><\/td>\n<td style=\"height: 28.1px;\"><strong>KG<\/strong><\/td>\n<td style=\"height: 28.1px;\"><strong>R<\/strong><\/td>\n<td style=\"height: 28.1px;\"><strong>S<\/strong><\/td>\n<td style=\"height: 28.1px;\"><strong>ZK<\/strong><\/td>\n<td style=\"height: 28.1px;\"><strong>SCP<\/strong><\/td>\n<td style=\"height: 28.1px;\"><strong>Ergebnis<\/strong><\/td>\n<\/tr>\n<tr style=\"height: 28px;\">\n<td style=\"height: 28px;\" valign=\"top\">25.11.2019<\/td>\n<td style=\"height: 28px;\">\u00d6STEM<\/td>\n<td style=\"height: 28px;\">88,3<\/td>\n<td style=\"height: 28px;\">114<\/td>\n<td style=\"height: 28px;\">135<\/td>\n<td style=\"height: 28px;\">149<\/td>\n<td style=\"height: 28px;\">290,48<\/td>\n<td style=\"height: 28px;\">1.Jun\/6.A<\/td>\n<\/tr>\n<tr style=\"height: 28px;\">\n<td style=\"height: 28px;\" valign=\"top\">12.10.2019<\/td>\n<td style=\"height: 28px;\">Finale NL<\/td>\n<td style=\"height: 28px;\">91,9<\/td>\n<td style=\"height: 28px;\">116<\/td>\n<td style=\"height: 28px;\">143<\/td>\n<td style=\"height: 28px;\">259<\/td>\n<td style=\"height: 28px;\">297,36<\/td>\n<td style=\"height: 28px;\">3. Platz<\/td>\n<\/tr>\n<tr style=\"height: 28px;\">\n<td style=\"height: 28px;\" valign=\"top\">31.08.2019<\/td>\n<td style=\"height: 28px;\">Int. Stapfer Turnier<\/td>\n<td style=\"height: 28px;\">89,2<\/td>\n<td style=\"height: 28px;\">121<\/td>\n<td style=\"height: 28px;\">140<\/td>\n<td style=\"height: 28px;\">261<\/td>\n<td style=\"height: 28px;\">303,13<\/td>\n<td style=\"height: 28px;\">3. Platz<\/td>\n<\/tr>\n<tr style=\"height: 28px;\">\n<td style=\"height: 28px;\" valign=\"top\">15.06.2019<\/td>\n<td style=\"height: 28px;\">Alpe Adria Cup<\/td>\n<td style=\"height: 28px;\">88,6<\/td>\n<td style=\"height: 28px;\">112<\/td>\n<td style=\"height: 28px;\">141<\/td>\n<td style=\"height: 28px;\">253<\/td>\n<td style=\"height: 28px;\">294,57<\/td>\n<td style=\"height: 28px;\">3. Platz<\/td>\n<\/tr>\n<tr style=\"height: 28px;\">\n<td style=\"height: 28px;\" valign=\"top\">25.05.2019<\/td>\n<td style=\"height: 28px;\">NL Runde 3<\/td>\n<td style=\"height: 28px;\">86,0<\/td>\n<td style=\"height: 28px;\">112<\/td>\n<td style=\"height: 28px;\">144<\/td>\n<td style=\"height: 28px;\">256<\/td>\n<td style=\"height: 28px;\">302,29<\/td>\n<td style=\"height: 28px;\">3 : 0<\/td>\n<\/tr>\n<tr style=\"height: 28px;\">\n<td style=\"height: 28px;\" valign=\"top\">13.04.2019<\/td>\n<td style=\"height: 28px;\">NL Runde 2<\/td>\n<td style=\"height: 28px;\">85,4<\/td>\n<td style=\"height: 28px;\">116<\/td>\n<td style=\"height: 28px;\">145<\/td>\n<td style=\"height: 28px;\">261<\/td>\n<td style=\"height: 28px;\">309,21<\/td>\n<td style=\"height: 28px;\">1 : 2<\/td>\n<\/tr>\n<tr style=\"height: 28px;\">\n<td style=\"height: 28px;\" valign=\"top\">23.03.2019<\/td>\n<td style=\"height: 28px;\">NL Runde 1<\/td>\n<td style=\"height: 28px;\">86,1<\/td>\n<td style=\"height: 28px;\">116<\/td>\n<td style=\"height: 28px;\">147<\/td>\n<td style=\"height: 28px;\">263<\/td>\n<td style=\"height: 28px;\">310,36<\/td>\n<td style=\"height: 28px;\">0 : 1<\/td>\n<\/tr>\n<tr style=\"height: 28px;\">\n<td style=\"height: 28px;\" valign=\"top\">02.03.2019<\/td>\n<td style=\"height: 28px;\">N\u00d6 LEM<\/td>\n<td style=\"height: 28px;\">85,9<\/td>\n<td style=\"height: 28px;\">112<\/td>\n<td style=\"height: 28px;\">136<\/td>\n<td style=\"height: 28px;\">248<\/td>\n<td style=\"height: 28px;\">292,99<\/td>\n<td style=\"height: 28px;\">1. Platz<\/td>\n<\/tr>\n<\/tbody>\n<\/table>\n<p><strong>Leistungen 2018<\/strong><\/p>\n<hr \/>\n<table border=\"0\" cellspacing=\"0\" cellpadding=\"3\" align=\"\">\n<tbody>\n<tr style=\"background-color: #005a8c; color: #fff;\">\n<td><strong>Datum<\/strong><\/td>\n<td width=\"300\"><strong>Wettkampf<\/strong><\/td>\n<td><strong>KG<\/strong><\/td>\n<td><strong>R<\/strong><\/td>\n<td><strong>S<\/strong><\/td>\n<td><strong>ZK<\/strong><\/td>\n<td><strong>SCP<\/strong><\/td>\n<td><strong>Ergebnis<\/strong><\/td>\n<\/tr>\n<tr>\n<td valign=\"top\">08.12.2018<\/td>\n<td>Klubmeisterschaft<\/td>\n<td>83,7<\/td>\n<td>110<\/td>\n<td>141<\/td>\n<td>251<\/td>\n<td>300,22<\/td>\n<td>1. Platz<\/td>\n<\/tr>\n<tr>\n<td valign=\"top\">24.11.2018<\/td>\n<td>\u00d6STEM<\/td>\n<td>83,8<\/td>\n<td>120<\/td>\n<td>136<\/td>\n<td>256<\/td>\n<td>306,02<\/td>\n<td>1. JUN\/5.<\/td>\n<\/tr>\n<tr>\n<td valign=\"top\">06.10.2018<\/td>\n<td>BL-Finale<\/td>\n<td>83,9<\/td>\n<td>106<\/td>\n<td>135<\/td>\n<td>241<\/td>\n<td>287,92<\/td>\n<td>3. Platz<\/td>\n<\/tr>\n<tr>\n<td valign=\"top\">01.09.2018<\/td>\n<td>Int. Stapfer-Turnier<\/td>\n<td>83,8<\/td>\n<td>115<\/td>\n<td>140<\/td>\n<td>255<\/td>\n<td>304,83<\/td>\n<td>Bronze<\/td>\n<\/tr>\n<tr>\n<td valign=\"top\">09.06.2018<\/td>\n<td>BL R3<\/td>\n<td>82,7<\/td>\n<td>113<\/td>\n<td>137<\/td>\n<td>250<\/td>\n<td>300,95<\/td>\n<td>1 : 0<\/td>\n<\/tr>\n<tr>\n<td valign=\"top\">02.06.2018<\/td>\n<td>Alpe-Adria-Cup<\/td>\n<td>83,5<\/td>\n<td>103<\/td>\n<td>135<\/td>\n<td>238<\/td>\n<td>285,08<\/td>\n<td>4. Platz<\/td>\n<\/tr>\n<tr>\n<td valign=\"top\">21.04.2018<\/td>\n<td>BL R2<\/td>\n<td>82,7<\/td>\n<td>105<\/td>\n<td>130<\/td>\n<td>235<\/td>\n<td>282,73<\/td>\n<td>0 : 4<\/td>\n<\/tr>\n<tr>\n<td valign=\"top\">17.03.2018<\/td>\n<td>N\u00d6 LEM<\/td>\n<td>81,7<\/td>\n<td>112<\/td>\n<td>131<\/td>\n<td>243<\/td>\n<td>294,13<\/td>\n<td>Silber<\/td>\n<\/tr>\n<\/tbody>\n<\/table>\n<p><strong>Leistungen 2017<\/strong><\/p>\n<hr \/>\n<table border=\"0\" cellspacing=\"0\" cellpadding=\"3\" align=\"\">\n<tbody>\n<tr style=\"background-color: #005a8c; color: #fff;\">\n<td><strong>Datum<\/strong><\/td>\n<td width=\"300\"><strong>Wettkampf<\/strong><\/td>\n<td style=\"text-align: center;\"><strong>KG<\/strong><\/td>\n<td style=\"text-align: center;\"><strong>R<\/strong><\/td>\n<td style=\"text-align: center;\"><strong>S<\/strong><\/td>\n<td style=\"text-align: center;\"><strong>ZK<\/strong><\/td>\n<td style=\"text-align: center;\"><strong>SCP<\/strong><\/td>\n<td style=\"text-align: center;\"><strong>Ergebnis<\/strong><\/td>\n<\/tr>\n<tr>\n<td valign=\"top\">25.11.2017<\/td>\n<td>MM Finale Bundesliga<\/td>\n<td>82,6<\/td>\n<td>106<\/td>\n<td>131<\/td>\n<td>237<\/td>\n<td>285,30<\/td>\n<td>Gold<\/td>\n<\/tr>\n<tr>\n<td valign=\"top\">04.11.2017<\/td>\n<td>\u00d6STEM \/ \u00d6M Jugend<\/td>\n<td>81,5<\/td>\n<td>110<\/td>\n<td>130<\/td>\n<td>240<\/td>\n<td>290,86<\/td>\n<td>5. \/ Gold<\/td>\n<\/tr>\n<tr>\n<td valign=\"top\">30.09.2017<\/td>\n<td>MM R5 NL Intelligent Strength<\/td>\n<td>80,5<\/td>\n<td>100<\/td>\n<td>125<\/td>\n<td>225<\/td>\n<td>274,37<\/td>\n<td>0 : 1<\/td>\n<\/tr>\n<tr>\n<td valign=\"top\">23.09.2017<\/td>\n<td>N\u00d6 LEM Jugend<\/td>\n<td>81,1<\/td>\n<td>90<\/td>\n<td>113<\/td>\n<td>203<\/td>\n<td>246,62<\/td>\n<td>Gold<\/td>\n<\/tr>\n<tr>\n<td valign=\"top\">16.09.2017<\/td>\n<td>MM R5 Bundesliga SK V\u00f6est<\/td>\n<td>81,2<\/td>\n<td>108<\/td>\n<td>129<\/td>\n<td>237<\/td>\n<td>287,74<\/td>\n<td>2 : 1<\/td>\n<\/tr>\n<tr>\n<td valign=\"top\">17.06.2017<\/td>\n<td>Int. Juniors Battle<\/td>\n<td>76,2<\/td>\n<td>97<\/td>\n<td>120<\/td>\n<td>217<\/td>\n<td>272,37<\/td>\n<td>Gold<\/td>\n<\/tr>\n<tr>\n<td valign=\"top\">03.06.2017<\/td>\n<td>Int. Alpe-Adria-Cup<\/td>\n<td>77,4<\/td>\n<td>98<\/td>\n<td>124<\/td>\n<td>222<\/td>\n<td>276,32<\/td>\n<td>Silber<\/td>\n<\/tr>\n<tr>\n<td valign=\"top\">22.04.2017<\/td>\n<td>MM R3 Bundesliga\u00a0Ranshofen<\/td>\n<td>77,9<\/td>\n<td>101<\/td>\n<td>122<\/td>\n<td>223<\/td>\n<td>276,61<\/td>\n<td>3 : 0<\/td>\n<\/tr>\n<tr>\n<td valign=\"top\">18.03.2017<\/td>\n<td>MM R2 Bundesliga\u00a0Bad H\u00e4ring<\/td>\n<td>78,9<\/td>\n<td>100<\/td>\n<td>120<\/td>\n<td>220<\/td>\n<td>271,06<\/td>\n<td>6 : 0<\/td>\n<\/tr>\n<tr>\n<td valign=\"top\">11.03.2017<\/td>\n<td>N\u00d6 LEM Allg.Klasse<\/td>\n<td>78,3<\/td>\n<td>107<\/td>\n<td>128<\/td>\n<td>235<\/td>\n<td>290,72<\/td>\n<td>2. Platz<\/td>\n<\/tr>\n<tr>\n<td valign=\"top\">04.03.2017<\/td>\n<td>MM R1 Bundesliga\u00a0Bruck\/Mur<\/td>\n<td>78,2<\/td>\n<td>103<\/td>\n<td>125<\/td>\n<td>228<\/td>\n<td>282,24<\/td>\n<td>6 : 0<\/td>\n<\/tr>\n<\/tbody>\n<\/table>\n<p><strong>Leistungen 2016<\/strong><\/p>\n<hr \/>\n<table border=\"0\" cellspacing=\"0\" cellpadding=\"3\" align=\"\">\n<tbody>\n<tr style=\"background-color: #005a8c; color: #fff;\">\n<td><strong>Datum<\/strong><\/td>\n<td width=\"300\"><strong>Wettkampf<\/strong><\/td>\n<td style=\"text-align: center;\"><strong>KG<\/strong><\/td>\n<td style=\"text-align: center;\"><strong>R<\/strong><\/td>\n<td style=\"text-align: center;\"><strong>S<\/strong><\/td>\n<td style=\"text-align: center;\"><strong>ZK<\/strong><\/td>\n<td style=\"text-align: center;\"><strong>SCP<\/strong><\/td>\n<td style=\"text-align: center;\"><strong>Ergebnis<\/strong><\/td>\n<\/tr>\n<tr>\n<td valign=\"top\">11.12.2016<\/td>\n<td>Klubmeisterschaft<\/td>\n<td>77,6<\/td>\n<td>102<\/td>\n<td>122<\/td>\n<td>224<\/td>\n<td>280,85<\/td>\n<td>1. Platz<\/td>\n<\/tr>\n<tr>\n<td valign=\"top\">19.11.2016<\/td>\n<td>N\u00d6 LEM Jugend<\/td>\n<td>78,3<\/td>\n<td>101<\/td>\n<td>115<\/td>\n<td>216<\/td>\n<td>269,48<\/td>\n<td>Gold<\/td>\n<\/tr>\n<tr>\n<td valign=\"top\">05.11.2016<\/td>\n<td>\u00d6M Jugend<\/td>\n<td>78,9<\/td>\n<td>100<\/td>\n<td>120<\/td>\n<td>220<\/td>\n<td>273,33<\/td>\n<td>Gold<\/td>\n<\/tr>\n<tr>\n<td valign=\"top\">22.10.2016<\/td>\n<td>MM Bundesliga Finale<\/td>\n<td>79,2<\/td>\n<td>96<\/td>\n<td>116<\/td>\n<td>212<\/td>\n<td>262,84<\/td>\n<td>2. Platz<\/td>\n<\/tr>\n<tr>\n<td valign=\"top\">03.09.2016<\/td>\n<td>MM R4 Bundesliga\u00a0Bad H\u00e4ring<\/td>\n<td>79,5<\/td>\n<td>93<\/td>\n<td>110<\/td>\n<td>203<\/td>\n<td>251,15<\/td>\n<td>5 : 0<\/td>\n<\/tr>\n<tr>\n<td valign=\"top\">02.07.2016<\/td>\n<td>MM R4 Interliga\u00a0Trencin<\/td>\n<td>77,4<\/td>\n<td>90<\/td>\n<td>111<\/td>\n<td>201<\/td>\n<td>252,37<\/td>\n<td>1 : 0<\/td>\n<\/tr>\n<tr>\n<td valign=\"top\">11.06.2016<\/td>\n<td>Int. Alpe Adria Cup<\/td>\n<td>75,4<\/td>\n<td>92<\/td>\n<td>110<\/td>\n<td>202<\/td>\n<td>257,55<\/td>\n<td>3. Platz<\/td>\n<\/tr>\n<tr>\n<td valign=\"top\">02.04.2016<\/td>\n<td>MM R2 Interliga V\u00f6sendorf<\/td>\n<td>74,7<\/td>\n<td>88<\/td>\n<td>114<\/td>\n<td>202<\/td>\n<td>258,84<\/td>\n<td>0 : 1<\/td>\n<\/tr>\n<tr>\n<td valign=\"top\">12.03.2016<\/td>\n<td>N\u00d6 LEM<\/td>\n<td>73,7<\/td>\n<td>95<\/td>\n<td>115<\/td>\n<td>210<\/td>\n<td>271,26<\/td>\n<td>5. Platz<\/td>\n<\/tr>\n<\/tbody>\n<\/table>\n<p><strong>Leistungen 2015<\/strong><\/p>\n<hr \/>\n<table border=\"0\" cellspacing=\"0\" cellpadding=\"3\" align=\"\">\n<tbody>\n<tr style=\"background-color: #005a8c; color: #fff;\">\n<td><strong>Datum<\/strong><\/td>\n<td width=\"300\"><strong>Wettkampf<\/strong><\/td>\n<td style=\"text-align: center;\"><strong>KG<\/strong><\/td>\n<td style=\"text-align: center;\"><strong>R<\/strong><\/td>\n<td style=\"text-align: center;\"><strong>S<\/strong><\/td>\n<td style=\"text-align: center;\"><strong>ZK<\/strong><\/td>\n<td style=\"text-align: center;\"><strong>SCP<\/strong><\/td>\n<td style=\"text-align: center;\"><strong>Ergebnis<\/strong><\/td>\n<\/tr>\n<tr>\n<td valign=\"top\">14.11.2015<\/td>\n<td>\u00d6M Jugend<\/td>\n<td>69,7<\/td>\n<td>85<\/td>\n<td style=\"text-align: right;\">90<\/td>\n<td style=\"text-align: right;\">175<\/td>\n<td>233,91<\/td>\n<td>Gold<\/td>\n<\/tr>\n<tr>\n<td valign=\"top\">31.10.2015<\/td>\n<td>MM BL Finale<\/td>\n<td>70,2<\/td>\n<td>87<\/td>\n<td style=\"text-align: right;\">110<\/td>\n<td style=\"text-align: right;\">197<\/td>\n<td>262,13<\/td>\n<td>2. Platz<\/td>\n<\/tr>\n<tr>\n<td valign=\"top\">26.09.2015<\/td>\n<td>N\u00d6 LEM Jugend<\/td>\n<td>69,6<\/td>\n<td>80<\/td>\n<td style=\"text-align: right;\">100<\/td>\n<td style=\"text-align: right;\">180<\/td>\n<td>240,82<\/td>\n<td>Gold<\/td>\n<\/tr>\n<tr>\n<td valign=\"top\">19.09.2015<\/td>\n<td>MM 5. Runde BL (Bad H\u00e4ring)<\/td>\n<td>69,8<\/td>\n<td>85<\/td>\n<td style=\"text-align: right;\">105<\/td>\n<td style=\"text-align: right;\">190<\/td>\n<td>253,73<\/td>\n<td>2 : 0<\/td>\n<\/tr>\n<tr>\n<td valign=\"top\">05.09.2015<\/td>\n<td>MM 4. Runde BL (Ranshofen)<\/td>\n<td>68,2<\/td>\n<td>84<\/td>\n<td style=\"text-align: right;\">105<\/td>\n<td style=\"text-align: right;\">189<\/td>\n<td>256,17<\/td>\n<td>1 : 2<\/td>\n<\/tr>\n<tr>\n<td valign=\"top\">29.08.2015<\/td>\n<td>Int. Stapfer-Turnier<\/td>\n<td>69,7<\/td>\n<td>82<\/td>\n<td style=\"text-align: right;\">106<\/td>\n<td style=\"text-align: right;\">188<\/td>\n<td>251,28<\/td>\n<td>4. Platz<\/td>\n<\/tr>\n<tr>\n<td valign=\"top\">19.06.2015<\/td>\n<td>EU-Cup<\/td>\n<td>68,3<\/td>\n<td>78<\/td>\n<td style=\"text-align: right;\">95<\/td>\n<td style=\"text-align: right;\">173<\/td>\n<td>234,20<\/td>\n<td>4. Platz<\/td>\n<\/tr>\n<tr>\n<td valign=\"top\">06.06.2015<\/td>\n<td>Int. Juniors Battle<\/td>\n<td>68,2<\/td>\n<td>82<\/td>\n<td style=\"text-align: right;\">102<\/td>\n<td style=\"text-align: right;\">184<\/td>\n<td>249,39<\/td>\n<td>Gold<\/td>\n<\/tr>\n<tr>\n<td valign=\"top\">18.04.2015<\/td>\n<td>MM 2. Runde RL-1 (Eiche Wien)<\/td>\n<td>67,5<\/td>\n<td>80<\/td>\n<td style=\"text-align: right;\">105<\/td>\n<td style=\"text-align: right;\">185<\/td>\n<td>252,43<\/td>\n<td>4 : 0<\/td>\n<\/tr>\n<tr>\n<td valign=\"top\">21.03.2015<\/td>\n<td>MM 2. Runde BL (Bruck\/Mur)<\/td>\n<td>67,5<\/td>\n<td>75<\/td>\n<td style=\"text-align: right;\">96<\/td>\n<td style=\"text-align: right;\">171<\/td>\n<td>233,33<\/td>\n<td>3 : 0<\/td>\n<\/tr>\n<tr>\n<td colspan=\"1\" rowspan=\"1\" valign=\"top\">07.03.2015<\/td>\n<td colspan=\"1\" rowspan=\"1\">MM 1. Runde BL (V\u00f6est Linz II)<\/td>\n<td colspan=\"1\" rowspan=\"1\">66,5<\/td>\n<td colspan=\"1\" rowspan=\"1\">75<\/td>\n<td style=\"text-align: right;\" colspan=\"1\" rowspan=\"1\">97<\/td>\n<td style=\"text-align: right;\" colspan=\"1\" rowspan=\"1\">172<\/td>\n<td colspan=\"1\" rowspan=\"1\">237,02<\/td>\n<td colspan=\"1\" rowspan=\"1\">2 : 0<\/td>\n<\/tr>\n<\/tbody>\n<\/table>\n<p><strong>Leistungen 2014<\/strong><\/p>\n<hr \/>\n<table border=\"0\" cellspacing=\"0\" cellpadding=\"3\">\n<tbody>\n<tr style=\"background-color: #005a8c; color: #fff;\">\n<td><strong>Datum<\/strong><\/td>\n<td width=\"300\"><strong>Wettkampf<\/strong><\/td>\n<td style=\"text-align: center;\"><strong>KG<\/strong><\/td>\n<td style=\"text-align: center;\"><strong>R<\/strong><\/td>\n<td style=\"text-align: center;\"><strong>S<\/strong><\/td>\n<td style=\"text-align: center;\"><strong>ZK<\/strong><\/td>\n<td style=\"text-align: center;\"><strong>SCP<\/strong><\/td>\n<td style=\"text-align: center;\"><strong>Ergebnis<\/strong><\/td>\n<\/tr>\n<tr>\n<td valign=\"top\">06.12.2014<\/td>\n<td>\u00d6M Jugend<\/td>\n<td>66,5<\/td>\n<td>80<\/td>\n<td style=\"text-align: right;\">100<\/td>\n<td style=\"text-align: right;\">180<\/td>\n<td>248,04<\/td>\n<td>1. Platz<\/td>\n<\/tr>\n<tr>\n<td valign=\"top\">11.10.2014<\/td>\n<td>MM 2. Finale NL (V\u00f6est)<\/td>\n<td>64,3<\/td>\n<td>75<\/td>\n<td style=\"text-align: right;\">92<\/td>\n<td style=\"text-align: right;\">167<\/td>\n<td>235,44<\/td>\n<td>0 : 5<\/td>\n<\/tr>\n<tr>\n<td valign=\"top\">27.09.2014<\/td>\n<td>MM 1. Finale NL (V\u00f6est)<\/td>\n<td>63,8<\/td>\n<td>74<\/td>\n<td style=\"text-align: right;\">90<\/td>\n<td style=\"text-align: right;\">164<\/td>\n<td>232,46<\/td>\n<td>0 : 3<\/td>\n<\/tr>\n<tr>\n<td valign=\"top\">30.08.2014<\/td>\n<td>Int. Stapfer-Turnier<\/td>\n<td>64,0<\/td>\n<td>76<\/td>\n<td style=\"text-align: right;\">89<\/td>\n<td style=\"text-align: right;\">165<\/td>\n<td>233,36<\/td>\n<td>1. Platz<\/td>\n<\/tr>\n<tr>\n<td valign=\"top\">05.07.2014<\/td>\n<td>Int. ASV\u00d6 Trophy<\/td>\n<td>62,9<\/td>\n<td>70<\/td>\n<td style=\"text-align: right;\">80<\/td>\n<td style=\"text-align: right;\">150<\/td>\n<td>214,73<\/td>\n<td>1. Platz<\/td>\n<\/tr>\n<tr>\n<td colspan=\"1\" rowspan=\"1\" valign=\"top\">20.06.2014<\/td>\n<td colspan=\"1\" rowspan=\"1\">Int. Juniors Battle<\/td>\n<td colspan=\"1\" rowspan=\"1\">64,5<\/td>\n<td colspan=\"1\" rowspan=\"1\">74<\/td>\n<td style=\"text-align: right;\" colspan=\"1\" rowspan=\"1\">91<\/td>\n<td style=\"text-align: right;\" colspan=\"1\" rowspan=\"1\">165<\/td>\n<td colspan=\"1\" rowspan=\"1\">232,12<\/td>\n<td colspan=\"1\" rowspan=\"1\">2. Platz<\/td>\n<\/tr>\n<tr>\n<td colspan=\"1\" rowspan=\"1\" valign=\"top\">07.06.2014<\/td>\n<td colspan=\"1\" rowspan=\"1\">MM 5. Runde NL-O (\u00d6blarn)<\/td>\n<td colspan=\"1\" rowspan=\"1\">64,0<\/td>\n<td colspan=\"1\" rowspan=\"1\">75<\/td>\n<td style=\"text-align: right;\" colspan=\"1\" rowspan=\"1\">86<\/td>\n<td style=\"text-align: right;\" colspan=\"1\" rowspan=\"1\">161<\/td>\n<td colspan=\"1\" rowspan=\"1\">227,70<\/td>\n<td colspan=\"1\" rowspan=\"1\">2 : 0<\/td>\n<\/tr>\n<tr>\n<td colspan=\"1\" rowspan=\"1\" valign=\"top\">26.04.2014<\/td>\n<td colspan=\"1\" rowspan=\"1\">1. Runde N\u00d6 NW-Cup<\/td>\n<td colspan=\"1\" rowspan=\"1\">62,7<\/td>\n<td colspan=\"1\" rowspan=\"1\">73<\/td>\n<td style=\"text-align: right;\" colspan=\"1\" rowspan=\"1\">81<\/td>\n<td style=\"text-align: right;\" colspan=\"1\" rowspan=\"1\">154<\/td>\n<td colspan=\"1\" rowspan=\"1\">220,96<\/td>\n<td colspan=\"1\" rowspan=\"1\">1. Platz<\/td>\n<\/tr>\n<tr>\n<td colspan=\"1\" rowspan=\"1\" valign=\"top\">12.04.2014<\/td>\n<td colspan=\"1\" rowspan=\"1\">MM 3. Runde NL-O (Wels)<\/td>\n<td colspan=\"1\" rowspan=\"1\">62,4<\/td>\n<td colspan=\"1\" rowspan=\"1\">70<\/td>\n<td style=\"text-align: right;\" colspan=\"1\" rowspan=\"1\">84<\/td>\n<td style=\"text-align: right;\" colspan=\"1\" rowspan=\"1\">154<\/td>\n<td colspan=\"1\" rowspan=\"1\">221,70<\/td>\n<td colspan=\"1\" rowspan=\"1\">6 : 0<\/td>\n<\/tr>\n<tr>\n<td colspan=\"1\" rowspan=\"1\" valign=\"top\">23.03.2014<\/td>\n<td colspan=\"1\" rowspan=\"1\">Athletik-Cup Tulln<\/td>\n<td colspan=\"1\" rowspan=\"1\">60,7<\/td>\n<td colspan=\"1\" rowspan=\"1\">66<\/td>\n<td style=\"text-align: right;\" colspan=\"1\" rowspan=\"1\">81<\/td>\n<td style=\"text-align: right;\" colspan=\"1\" rowspan=\"1\">147<\/td>\n<td colspan=\"1\" rowspan=\"1\">215,87<\/td>\n<td colspan=\"1\" rowspan=\"1\">1. Platz<\/td>\n<\/tr>\n<tr>\n<td colspan=\"1\" rowspan=\"1\" valign=\"top\">22.02.2014<\/td>\n<td colspan=\"1\" rowspan=\"1\">Donau-Cup<\/td>\n<td colspan=\"1\" rowspan=\"1\">63,1<\/td>\n<td colspan=\"1\" rowspan=\"1\">64<\/td>\n<td style=\"text-align: right;\" colspan=\"1\" rowspan=\"1\">85<\/td>\n<td style=\"text-align: right;\" colspan=\"1\" rowspan=\"1\">149<\/td>\n<td colspan=\"1\" rowspan=\"1\">212,83<\/td>\n<td colspan=\"1\" rowspan=\"1\">1. Platz<\/td>\n<\/tr>\n<\/tbody>\n<\/table>\n","protected":false},"excerpt":{"rendered":"<div class=\"mh-excerpt\"><p>Allgemein Jahrgang: 2000 Beruf: Angestellter Beim Gewichthebe-Sport aktiv seit: 2013 Verein: HSV Langenlebarn\u00a0 Erfolge Bundesliga-Meister 2017 \u00d6 Meister Sch\u00fcler 2013 \u00d6 Meister Jugend 2015-2017 \u00d6 <a class=\"mh-excerpt-more\" href=\"http:\/\/www.moldaschl.cc\/max\/wordpress\/ueber-max\/\" title=\"\u00dcber Max\">[&#8230;]<\/a><\/p>\n<\/div>","protected":false},"author":1,"featured_media":0,"parent":0,"menu_order":0,"comment_status":"closed","ping_status":"open","template":"","meta":{"footnotes":""},"aioseo_notices":[],"_links":{"self":[{"href":"http:\/\/www.moldaschl.cc\/max\/wordpress\/wp-json\/wp\/v2\/pages\/2"}],"collection":[{"href":"http:\/\/www.moldaschl.cc\/max\/wordpress\/wp-json\/wp\/v2\/pages"}],"about":[{"href":"http:\/\/www.moldaschl.cc\/max\/wordpress\/wp-json\/wp\/v2\/types\/page"}],"author":[{"embeddable":true,"href":"http:\/\/www.moldaschl.cc\/max\/wordpress\/wp-json\/wp\/v2\/users\/1"}],"replies":[{"embeddable":true,"href":"http:\/\/www.moldaschl.cc\/max\/wordpress\/wp-json\/wp\/v2\/comments?post=2"}],"version-history":[{"count":17,"href":"http:\/\/www.moldaschl.cc\/max\/wordpress\/wp-json\/wp\/v2\/pages\/2\/revisions"}],"predecessor-version":[{"id":305,"href":"http:\/\/www.moldaschl.cc\/max\/wordpress\/wp-json\/wp\/v2\/pages\/2\/revisions\/305"}],"wp:attachment":[{"href":"http:\/\/www.moldaschl.cc\/max\/wordpress\/wp-json\/wp\/v2\/media?parent=2"}],"curies":[{"name":"wp","href":"https:\/\/api.w.org\/{rel}","templated":true}]}}